{"id":378,"date":"2021-06-21T13:21:41","date_gmt":"2021-06-21T13:21:41","guid":{"rendered":"https:\/\/www.pitkowitz.com\/?page_id=378"},"modified":"2025-02-05T14:42:02","modified_gmt":"2025-02-05T13:42:02","slug":"impressum","status":"publish","type":"page","link":"https:\/\/www.pitkowitz.com\/en\/impressum\/","title":{"rendered":"Imprint"},"content":{"rendered":"\t\t<div data-elementor-type=\"wp-page\" data-elementor-id=\"378\" class=\"elementor elementor-378\" data-elementor-post-type=\"page\">\n\t\t\t\t\t\t<section class=\"elementor-section elementor-top-section elementor-element elementor-element-bf4278b elementor-section-full_width elementor-section-height-default elementor-section-height-default\" data-id=\"bf4278b\" data-element_type=\"section\" data-e-type=\"section\" data-settings=\"{&quot;background_background&quot;:&quot;classic&quot;}\">\n\t\t\t\t\t\t<div class=\"elementor-container elementor-column-gap-default\">\n\t\t\t\t\t<div class=\"elementor-column elementor-col-33 elementor-top-column elementor-element elementor-element-68a475e2 elementor-hidden-tablet elementor-hidden-phone\" data-id=\"68a475e2\" data-element_type=\"column\" data-e-type=\"column\" data-settings=\"{&quot;background_background&quot;:&quot;classic&quot;}\">\n\t\t\t<div class=\"elementor-widget-wrap elementor-element-populated\">\n\t\t\t\t\t\t<div class=\"elementor-element elementor-element-64836344 elementor-hidden-desktop elementor-hidden-tablet elementor-hidden-phone elementor-widget elementor-widget-heading\" data-id=\"64836344\" data-element_type=\"widget\" data-e-type=\"widget\" data-settings=\"{&quot;sticky&quot;:&quot;top&quot;,&quot;sticky_on&quot;:[&quot;desktop&quot;],&quot;sticky_offset&quot;:190,&quot;sticky_effects_offset&quot;:0,&quot;sticky_anchor_link_offset&quot;:0}\" data-widget_type=\"heading.default\">\n\t\t\t\t<div class=\"elementor-widget-container\">\n\t\t\t\t\t<h1 class=\"elementor-heading-title elementor-size-default\">Impressum<\/h1>\t\t\t\t<\/div>\n\t\t\t\t<\/div>\n\t\t\t\t<div data-dce-title-color=\"#FFFFFF\" class=\"elementor-element elementor-element-5479d2c elementor-headline--style-rotate elementor-widget__width-initial elementor-fixed elementor-hidden-tablet elementor-hidden-phone elementor-widget elementor-widget-animated-headline\" data-id=\"5479d2c\" data-element_type=\"widget\" data-e-type=\"widget\" data-settings=\"{&quot;headline_style&quot;:&quot;rotate&quot;,&quot;rotating_text&quot;:&quot;challenging\\ncomplex\\nheavy&quot;,&quot;rotate_iteration_delay&quot;:1600,&quot;_position&quot;:&quot;fixed&quot;,&quot;animation_type&quot;:&quot;typing&quot;,&quot;loop&quot;:&quot;yes&quot;}\" data-widget_type=\"animated-headline.default\">\n\t\t\t\t<div class=\"elementor-widget-container\">\n\t\t\t\t\t\t\t<h3 class=\"elementor-headline elementor-headline-animation-type-typing elementor-headline-letters\">\n\t\t\t\t\t<span class=\"elementor-headline-plain-text elementor-headline-text-wrapper\">We handle it.<br>  No matter how <br> <\/span>\n\t\t\t\t<span class=\"elementor-headline-dynamic-wrapper elementor-headline-text-wrapper\">\n\t\t\t\t\t<span class=\"elementor-headline-dynamic-text elementor-headline-text-active\">\n\t\t\t\tchallenging\t\t\t<\/span>\n\t\t\t\t\t<span class=\"elementor-headline-dynamic-text\">\n\t\t\t\tcomplex\t\t\t<\/span>\n\t\t\t\t\t<span class=\"elementor-headline-dynamic-text\">\n\t\t\t\theavy\t\t\t<\/span>\n\t\t\t\t\t\t<\/span>\n\t\t\t\t\t<span class=\"elementor-headline-plain-text elementor-headline-text-wrapper\"><br> it seems.<\/span>\n\t\t\t\t\t<\/h3>\n\t\t\t\t\t\t<\/div>\n\t\t\t\t<\/div>\n\t\t\t\t\t<\/div>\n\t\t<\/div>\n\t\t\t\t<div class=\"elementor-column elementor-col-66 elementor-top-column elementor-element elementor-element-9ba8235\" data-id=\"9ba8235\" data-element_type=\"column\" data-e-type=\"column\" data-settings=\"{&quot;background_background&quot;:&quot;classic&quot;}\">\n\t\t\t<div class=\"elementor-widget-wrap elementor-element-populated\">\n\t\t\t\t\t\t<div class=\"elementor-element elementor-element-eeed71d elementor-widget elementor-widget-heading\" data-id=\"eeed71d\" data-element_type=\"widget\" data-e-type=\"widget\" data-widget_type=\"heading.default\">\n\t\t\t\t<div class=\"elementor-widget-container\">\n\t\t\t\t\t<h2 class=\"elementor-heading-title elementor-size-default\">Pitkowitz Foerster Rechtsanw\u00e4lte GmbH<\/h2>\t\t\t\t<\/div>\n\t\t\t\t<\/div>\n\t\t\t\t<div class=\"elementor-element elementor-element-8cb1a9b elementor-widget elementor-widget-text-editor\" data-id=\"8cb1a9b\" data-element_type=\"widget\" data-e-type=\"widget\" data-widget_type=\"text-editor.default\">\n\t\t\t\t<div class=\"elementor-widget-container\">\n\t\t\t\t\t\t\t\t\t<p><strong>Offenlegung und Information gem\u00e4\u00df \u00a7 14 UGB, \u00a7 25 MedienG und \u00a7 5 ECG: <br \/>Kontaktinformationen:<\/strong><\/p><p>Schwarzenbergplatz 3<br \/>1010 Wien<br \/>\u00d6sterreich<\/p><p><strong>\u00a0<\/strong><\/p><p><strong>Rechtliche Hinweise: <\/strong><\/p><p>Haftungsausschluss<\/p><p>S\u00e4mtliche Inhalte dieser Website dienen lediglich allgemeinen Informationen und enthalten keinerlei rechtliche Beratung oder Hilfestellung. Die Kanzlei \u00fcbernimmt keine Verantwortung f\u00fcr die Richtigkeit, Vollst\u00e4ndigkeit und Fehlerlosigkeit der gebotenen Informationen oder f\u00fcr die Folgen, die sich aus der Nutzung der gebotenen Inhalte ergeben.<\/p><p><strong>Datenschutzerkl\u00e4rung<\/strong><\/p><p>Unsere Datenschutzerkl\u00e4rung ist unter folgendem Link abrufbar: <a href=\"https:\/\/www.pitkowitz.com\/privacy-policy\/\">https:\/\/www.pitkowitz.com\/privacy-policy\/\u00a0<\/a><\/p><p><strong>Fotograf:<\/strong> <a href=\"https:\/\/www.lukaslorenz.com\/\" target=\"_blank\" rel=\"noopener\">Lukas Lorenz<\/a><\/p>\t\t\t\t\t\t\t\t<\/div>\n\t\t\t\t<\/div>\n\t\t\t\t<div class=\"elementor-element elementor-element-1a1de4c elementor-widget elementor-widget-template\" data-id=\"1a1de4c\" data-element_type=\"widget\" data-e-type=\"widget\" data-widget_type=\"template.default\">\n\t\t\t\t<div class=\"elementor-widget-container\">\n\t\t\t\t\t\t\t<div class=\"elementor-template\">\n\t\t\t\t\t<footer data-elementor-type=\"footer\" data-elementor-id=\"267\" class=\"elementor elementor-267\" data-elementor-post-type=\"elementor_library\">\n\t\t\t\t\t<section class=\"elementor-section elementor-top-section elementor-element elementor-element-e9b628b elementor-section-full_width elementor-reverse-mobile elementor-section-height-default elementor-section-height-default\" data-id=\"e9b628b\" data-element_type=\"section\" data-e-type=\"section\" data-settings=\"{&quot;background_background&quot;:&quot;classic&quot;}\">\n\t\t\t\t\t\t<div class=\"elementor-container elementor-column-gap-default\">\n\t\t\t\t\t<div class=\"elementor-column elementor-col-50 elementor-top-column elementor-element elementor-element-1f638f2\" data-id=\"1f638f2\" data-element_type=\"column\" data-e-type=\"column\">\n\t\t\t<div class=\"elementor-widget-wrap elementor-element-populated\">\n\t\t\t\t\t\t<div class=\"elementor-element elementor-element-2930eb0 elementor-icon-list--layout-inline elementor-align-start elementor-hidden-phone elementor-list-item-link-full_width elementor-widget elementor-widget-icon-list\" data-id=\"2930eb0\" data-element_type=\"widget\" data-e-type=\"widget\" data-widget_type=\"icon-list.default\">\n\t\t\t\t<div class=\"elementor-widget-container\">\n\t\t\t\t\t\t\t<ul class=\"elementor-icon-list-items elementor-inline-items\">\n\t\t\t\t\t\t\t<li class=\"elementor-icon-list-item elementor-inline-item\">\n\t\t\t\t\t\t\t\t\t\t\t<a href=\"https:\/\/www.pitkowitz.com\/impressum\/\">\n\n\t\t\t\t\t\t\t\t\t\t\t<span class=\"elementor-icon-list-text\">Impressum<\/span>\n\t\t\t\t\t\t\t\t\t\t\t<\/a>\n\t\t\t\t\t\t\t\t\t<\/li>\n\t\t\t\t\t\t\t\t<li class=\"elementor-icon-list-item elementor-inline-item\">\n\t\t\t\t\t\t\t\t\t\t\t<a href=\"https:\/\/www.pitkowitz.com\/privacy-policy\/\">\n\n\t\t\t\t\t\t\t\t\t\t\t<span class=\"elementor-icon-list-text\">Datenschutzerkl\u00e4rung<\/span>\n\t\t\t\t\t\t\t\t\t\t\t<\/a>\n\t\t\t\t\t\t\t\t\t<\/li>\n\t\t\t\t\t\t\t\t<li class=\"elementor-icon-list-item elementor-inline-item\">\n\t\t\t\t\t\t\t\t\t\t\t<a href=\"https:\/\/ta8702d61.emailsys2a.net\/216\/3660\/d8b46bc223\/subscribe\/form.html?_g=1708352117\" target=\"_blank\">\n\n\t\t\t\t\t\t\t\t\t\t\t<span class=\"elementor-icon-list-text\">Newsletter<\/span>\n\t\t\t\t\t\t\t\t\t\t\t<\/a>\n\t\t\t\t\t\t\t\t\t<\/li>\n\t\t\t\t\t\t<\/ul>\n\t\t\t\t\t\t<\/div>\n\t\t\t\t<\/div>\n\t\t\t\t<div class=\"elementor-element elementor-element-849d050 elementor-icon-list--layout-inline elementor-align-start elementor-hidden-desktop elementor-hidden-tablet elementor-list-item-link-full_width elementor-widget elementor-widget-icon-list\" data-id=\"849d050\" data-element_type=\"widget\" data-e-type=\"widget\" data-widget_type=\"icon-list.default\">\n\t\t\t\t<div class=\"elementor-widget-container\">\n\t\t\t\t\t\t\t<ul class=\"elementor-icon-list-items elementor-inline-items\">\n\t\t\t\t\t\t\t<li class=\"elementor-icon-list-item elementor-inline-item\">\n\t\t\t\t\t\t\t\t\t\t\t<a href=\"https:\/\/www.pitkowitz.com\/impressum\/\">\n\n\t\t\t\t\t\t\t\t\t\t\t<span class=\"elementor-icon-list-text\">Impressum<\/span>\n\t\t\t\t\t\t\t\t\t\t\t<\/a>\n\t\t\t\t\t\t\t\t\t<\/li>\n\t\t\t\t\t\t\t\t<li class=\"elementor-icon-list-item elementor-inline-item\">\n\t\t\t\t\t\t\t\t\t\t\t<a href=\"https:\/\/www.pitkowitz.com\/privacy-policy\/\">\n\n\t\t\t\t\t\t\t\t\t\t\t<span class=\"elementor-icon-list-text\">Datenschutzerkl\u00e4rung<\/span>\n\t\t\t\t\t\t\t\t\t\t\t<\/a>\n\t\t\t\t\t\t\t\t\t<\/li>\n\t\t\t\t\t\t<\/ul>\n\t\t\t\t\t\t<\/div>\n\t\t\t\t<\/div>\n\t\t\t\t<div class=\"elementor-element elementor-element-51df6ff elementor-widget__width-auto elementor-widget elementor-widget-text-editor\" data-id=\"51df6ff\" data-element_type=\"widget\" data-e-type=\"widget\" data-widget_type=\"text-editor.default\">\n\t\t\t\t<div class=\"elementor-widget-container\">\n\t\t\t\t\t\t\t\t\t2026\u00a0Pitkowitz &amp; Partners\t\t\t\t\t\t\t\t<\/div>\n\t\t\t\t<\/div>\n\t\t\t\t\t<\/div>\n\t\t<\/div>\n\t\t\t\t<div class=\"elementor-column elementor-col-50 elementor-top-column elementor-element elementor-element-0c7a786\" data-id=\"0c7a786\" data-element_type=\"column\" data-e-type=\"column\">\n\t\t\t<div class=\"elementor-widget-wrap elementor-element-populated\">\n\t\t\t\t\t\t<div class=\"elementor-element elementor-element-23390ff elementor-view-framed elementor-widget__width-auto elementor-shape-circle elementor-widget elementor-widget-icon\" data-id=\"23390ff\" data-element_type=\"widget\" data-e-type=\"widget\" data-widget_type=\"icon.default\">\n\t\t\t\t<div class=\"elementor-widget-container\">\n\t\t\t\t\t\t\t<div class=\"elementor-icon-wrapper\">\n\t\t\t<a class=\"elementor-icon\" href=\"https:\/\/www.linkedin.com\/company\/pitkowitzpartners\" target=\"_blank\">\n\t\t\t<i aria-hidden=\"true\" class=\"fab fa-linkedin-in\"><\/i>\t\t\t<\/a>\n\t\t<\/div>\n\t\t\t\t\t\t<\/div>\n\t\t\t\t<\/div>\n\t\t\t\t\t<\/div>\n\t\t<\/div>\n\t\t\t\t\t<\/div>\n\t\t<\/section>\n\t\t\t\t<\/footer>\n\t\t\t\t<\/div>\n\t\t\t\t\t\t<\/div>\n\t\t\t\t<\/div>\n\t\t\t\t\t<\/div>\n\t\t<\/div>\n\t\t\t\t\t<\/div>\n\t\t<\/section>\n\t\t\t\t<\/div>\n\t\t","protected":false},"excerpt":{"rendered":"<p>Impressum We handle it. No matter how challenging complex heavy it seems. Pitkowitz Foerster Rechtsanw\u00e4lte GmbH Offenlegung und Information gem\u00e4\u00df \u00a7 14 UGB, \u00a7 25 MedienG und \u00a7 5 ECG: Kontaktinformationen: Schwarzenbergplatz 31010 Wien\u00d6sterreich \u00a0 Rechtliche Hinweise: Haftungsausschluss S\u00e4mtliche Inhalte dieser Website dienen lediglich allgemeinen Informationen und enthalten keinerlei rechtliche Beratung oder Hilfestellung. Die Kanzlei [&hellip;]<\/p>\n","protected":false},"author":1,"featured_media":0,"parent":0,"menu_order":0,"comment_status":"closed","ping_status":"closed","template":"","meta":{"_acf_changed":false,"inline_featured_image":false,"footnotes":""},"class_list":["post-378","page","type-page","status-publish","hentry"],"acf":[],"yoast_head":"<!-- This site is optimized with the Yoast SEO plugin v27.3 - https:\/\/yoast.com\/product\/yoast-seo-wordpress\/ -->\n<title>Impressum - Pitkowitz &amp; Partners<\/title>\n<meta name=\"robots\" content=\"index, follow, max-snippet:-1, max-image-preview:large, max-video-preview:-1\" \/>\n<link rel=\"canonical\" href=\"https:\/\/www.pitkowitz.com\/en\/impressum\/\" \/>\n<meta property=\"og:locale\" content=\"en_US\" \/>\n<meta property=\"og:type\" content=\"article\" \/>\n<meta property=\"og:title\" content=\"Impressum - Pitkowitz &amp; Partners\" \/>\n<meta property=\"og:description\" content=\"Impressum We handle it. No matter how challenging complex heavy it seems. Pitkowitz Foerster Rechtsanw\u00e4lte GmbH Offenlegung und Information gem\u00e4\u00df \u00a7 14 UGB, \u00a7 25 MedienG und \u00a7 5 ECG: Kontaktinformationen: Schwarzenbergplatz 31010 Wien\u00d6sterreich \u00a0 Rechtliche Hinweise: Haftungsausschluss S\u00e4mtliche Inhalte dieser Website dienen lediglich allgemeinen Informationen und enthalten keinerlei rechtliche Beratung oder Hilfestellung. Die Kanzlei [&hellip;]\" \/>\n<meta property=\"og:url\" content=\"https:\/\/www.pitkowitz.com\/en\/impressum\/\" \/>\n<meta property=\"og:site_name\" content=\"Pitkowitz &amp; Partners\" \/>\n<meta property=\"article:modified_time\" content=\"2025-02-05T13:42:02+00:00\" \/>\n<meta name=\"twitter:card\" content=\"summary_large_image\" \/>\n<meta name=\"twitter:label1\" content=\"Est. reading time\" \/>\n\t<meta name=\"twitter:data1\" content=\"2 minutes\" \/>\n<script type=\"application\/ld+json\" class=\"yoast-schema-graph\">{\"@context\":\"https:\\\/\\\/schema.org\",\"@graph\":[{\"@type\":\"WebPage\",\"@id\":\"https:\\\/\\\/www.pitkowitz.com\\\/impressum\\\/\",\"url\":\"https:\\\/\\\/www.pitkowitz.com\\\/impressum\\\/\",\"name\":\"Impressum - Pitkowitz &amp; Partners\",\"isPartOf\":{\"@id\":\"https:\\\/\\\/www.pitkowitz.com\\\/#website\"},\"datePublished\":\"2021-06-21T13:21:41+00:00\",\"dateModified\":\"2025-02-05T13:42:02+00:00\",\"breadcrumb\":{\"@id\":\"https:\\\/\\\/www.pitkowitz.com\\\/impressum\\\/#breadcrumb\"},\"inLanguage\":\"en-US\",\"potentialAction\":[{\"@type\":\"ReadAction\",\"target\":[\"https:\\\/\\\/www.pitkowitz.com\\\/impressum\\\/\"]}]},{\"@type\":\"BreadcrumbList\",\"@id\":\"https:\\\/\\\/www.pitkowitz.com\\\/impressum\\\/#breadcrumb\",\"itemListElement\":[{\"@type\":\"ListItem\",\"position\":1,\"name\":\"Home\",\"item\":\"https:\\\/\\\/www.pitkowitz.com\\\/\"},{\"@type\":\"ListItem\",\"position\":2,\"name\":\"Impressum\"}]},{\"@type\":\"WebSite\",\"@id\":\"https:\\\/\\\/www.pitkowitz.com\\\/#website\",\"url\":\"https:\\\/\\\/www.pitkowitz.com\\\/\",\"name\":\"Pitkowitz &amp; Partners\",\"description\":\"Pitkowitz &amp; Partners is a leading commercial law firm with a strong international focus, providing legal advice at the highest level.\",\"publisher\":{\"@id\":\"https:\\\/\\\/www.pitkowitz.com\\\/#organization\"},\"potentialAction\":[{\"@type\":\"SearchAction\",\"target\":{\"@type\":\"EntryPoint\",\"urlTemplate\":\"https:\\\/\\\/www.pitkowitz.com\\\/?s={search_term_string}\"},\"query-input\":{\"@type\":\"PropertyValueSpecification\",\"valueRequired\":true,\"valueName\":\"search_term_string\"}}],\"inLanguage\":\"en-US\"},{\"@type\":\"Organization\",\"@id\":\"https:\\\/\\\/www.pitkowitz.com\\\/#organization\",\"name\":\"Pitkowitz & Partners\",\"url\":\"https:\\\/\\\/www.pitkowitz.com\\\/\",\"logo\":{\"@type\":\"ImageObject\",\"inLanguage\":\"en-US\",\"@id\":\"https:\\\/\\\/www.pitkowitz.com\\\/#\\\/schema\\\/logo\\\/image\\\/\",\"url\":\"https:\\\/\\\/www.pitkowitz.com\\\/wp-content\\\/uploads\\\/2021\\\/06\\\/Pitkowitz_Logo_petrol.svg\",\"contentUrl\":\"https:\\\/\\\/www.pitkowitz.com\\\/wp-content\\\/uploads\\\/2021\\\/06\\\/Pitkowitz_Logo_petrol.svg\",\"width\":\"1024\",\"height\":\"1024\",\"caption\":\"Pitkowitz & Partners\"},\"image\":{\"@id\":\"https:\\\/\\\/www.pitkowitz.com\\\/#\\\/schema\\\/logo\\\/image\\\/\"},\"sameAs\":[\"https:\\\/\\\/www.linkedin.com\\\/company\\\/pitkowitzpartners\"]}]}<\/script>\n<!-- \/ Yoast SEO plugin. -->","yoast_head_json":{"title":"Impressum - Pitkowitz &amp; Partners","robots":{"index":"index","follow":"follow","max-snippet":"max-snippet:-1","max-image-preview":"max-image-preview:large","max-video-preview":"max-video-preview:-1"},"canonical":"https:\/\/www.pitkowitz.com\/en\/impressum\/","og_locale":"en_US","og_type":"article","og_title":"Impressum - Pitkowitz &amp; Partners","og_description":"Impressum We handle it. No matter how challenging complex heavy it seems. Pitkowitz Foerster Rechtsanw\u00e4lte GmbH Offenlegung und Information gem\u00e4\u00df \u00a7 14 UGB, \u00a7 25 MedienG und \u00a7 5 ECG: Kontaktinformationen: Schwarzenbergplatz 31010 Wien\u00d6sterreich \u00a0 Rechtliche Hinweise: Haftungsausschluss S\u00e4mtliche Inhalte dieser Website dienen lediglich allgemeinen Informationen und enthalten keinerlei rechtliche Beratung oder Hilfestellung. Die Kanzlei [&hellip;]","og_url":"https:\/\/www.pitkowitz.com\/en\/impressum\/","og_site_name":"Pitkowitz &amp; Partners","article_modified_time":"2025-02-05T13:42:02+00:00","twitter_card":"summary_large_image","twitter_misc":{"Est. reading time":"2 minutes"},"schema":{"@context":"https:\/\/schema.org","@graph":[{"@type":"WebPage","@id":"https:\/\/www.pitkowitz.com\/impressum\/","url":"https:\/\/www.pitkowitz.com\/impressum\/","name":"Impressum - Pitkowitz &amp; Partners","isPartOf":{"@id":"https:\/\/www.pitkowitz.com\/#website"},"datePublished":"2021-06-21T13:21:41+00:00","dateModified":"2025-02-05T13:42:02+00:00","breadcrumb":{"@id":"https:\/\/www.pitkowitz.com\/impressum\/#breadcrumb"},"inLanguage":"en-US","potentialAction":[{"@type":"ReadAction","target":["https:\/\/www.pitkowitz.com\/impressum\/"]}]},{"@type":"BreadcrumbList","@id":"https:\/\/www.pitkowitz.com\/impressum\/#breadcrumb","itemListElement":[{"@type":"ListItem","position":1,"name":"Home","item":"https:\/\/www.pitkowitz.com\/"},{"@type":"ListItem","position":2,"name":"Impressum"}]},{"@type":"WebSite","@id":"https:\/\/www.pitkowitz.com\/#website","url":"https:\/\/www.pitkowitz.com\/","name":"Pitkowitz &amp; Partners","description":"Pitkowitz &amp; Partners is a leading commercial law firm with a strong international focus, providing legal advice at the highest level.","publisher":{"@id":"https:\/\/www.pitkowitz.com\/#organization"},"potentialAction":[{"@type":"SearchAction","target":{"@type":"EntryPoint","urlTemplate":"https:\/\/www.pitkowitz.com\/?s={search_term_string}"},"query-input":{"@type":"PropertyValueSpecification","valueRequired":true,"valueName":"search_term_string"}}],"inLanguage":"en-US"},{"@type":"Organization","@id":"https:\/\/www.pitkowitz.com\/#organization","name":"Pitkowitz & Partners","url":"https:\/\/www.pitkowitz.com\/","logo":{"@type":"ImageObject","inLanguage":"en-US","@id":"https:\/\/www.pitkowitz.com\/#\/schema\/logo\/image\/","url":"https:\/\/www.pitkowitz.com\/wp-content\/uploads\/2021\/06\/Pitkowitz_Logo_petrol.svg","contentUrl":"https:\/\/www.pitkowitz.com\/wp-content\/uploads\/2021\/06\/Pitkowitz_Logo_petrol.svg","width":"1024","height":"1024","caption":"Pitkowitz & Partners"},"image":{"@id":"https:\/\/www.pitkowitz.com\/#\/schema\/logo\/image\/"},"sameAs":["https:\/\/www.linkedin.com\/company\/pitkowitzpartners"]}]}},"_links":{"self":[{"href":"https:\/\/www.pitkowitz.com\/en\/wp-json\/wp\/v2\/pages\/378","targetHints":{"allow":["GET"]}}],"collection":[{"href":"https:\/\/www.pitkowitz.com\/en\/wp-json\/wp\/v2\/pages"}],"about":[{"href":"https:\/\/www.pitkowitz.com\/en\/wp-json\/wp\/v2\/types\/page"}],"author":[{"embeddable":true,"href":"https:\/\/www.pitkowitz.com\/en\/wp-json\/wp\/v2\/users\/1"}],"replies":[{"embeddable":true,"href":"https:\/\/www.pitkowitz.com\/en\/wp-json\/wp\/v2\/comments?post=378"}],"version-history":[{"count":97,"href":"https:\/\/www.pitkowitz.com\/en\/wp-json\/wp\/v2\/pages\/378\/revisions"}],"predecessor-version":[{"id":10678,"href":"https:\/\/www.pitkowitz.com\/en\/wp-json\/wp\/v2\/pages\/378\/revisions\/10678"}],"wp:attachment":[{"href":"https:\/\/www.pitkowitz.com\/en\/wp-json\/wp\/v2\/media?parent=378"}],"curies":[{"name":"wp","href":"https:\/\/api.w.org\/{rel}","templated":true}]}}